{"id":7,"date":"2014-06-20T14:19:58","date_gmt":"2014-06-20T14:19:58","guid":{"rendered":"http:\/\/ameliaerrazuriz.cl\/portafolio\/?page_id=7"},"modified":"2014-06-20T21:13:57","modified_gmt":"2014-06-20T21:13:57","slug":"paisajes","status":"publish","type":"page","link":"https:\/\/ameliaerrazuriz.cl\/portafolio\/paisajes\/","title":{"rendered":"Paisajes"},"content":{"rendered":"<div class=\"slider\"><script type=\"text\/javascript\">jQuery(function() { _initLayerSlider( '#layerslider_1_zt6naunopik7', {sliderVersion: '', responsiveUnder: 980, layersContainer: 0, pauseOnHover: 'on', skin: 'v5', globalBGColor: '#f5f5f5', thumbnailNavigation: 'always', tnContainerWidth: '100%', useSrcset: true, skinsPath: 'https:\/\/ameliaerrazuriz.cl\/portafolio\/wp-content\/plugins\/LayerSlider\/assets\/static\/layerslider\/skins\/', type: 'fullwidth', showCircleTimer: false, performanceMode: true}); });<\/script><div id=\"layerslider_1_zt6naunopik7\"  class=\"ls-wp-container fitvidsignore ls-selectable\" style=\"width:1024px;height:560px;max-width:1024px;margin:0 auto;margin-bottom: 0px;\"><div class=\"ls-slide\" data-ls=\"duration:4000;transition2d:5;\"><img width=\"1024\" height=\"560\" src=\"https:\/\/ameliaerrazuriz.cl\/portafolio\/wp-content\/uploads\/2016\/09\/01-diptico-paisaje.png\" class=\"ls-bg\" alt=\"\" srcset=\"https:\/\/ameliaerrazuriz.cl\/portafolio\/wp-content\/uploads\/2016\/09\/01-diptico-paisaje.png 1024w, https:\/\/ameliaerrazuriz.cl\/portafolio\/wp-content\/uploads\/2016\/09\/01-diptico-paisaje-300x164.png 300w, https:\/\/ameliaerrazuriz.cl\/portafolio\/wp-content\/uploads\/2016\/09\/01-diptico-paisaje-768x420.png 768w, https:\/\/ameliaerrazuriz.cl\/portafolio\/wp-content\/uploads\/2016\/09\/01-diptico-paisaje-624x341.png 624w\" sizes=\"(max-width: 1024px) 100vw, 1024px\" \/><img width=\"100\" height=\"60\" src=\"https:\/\/ameliaerrazuriz.cl\/portafolio\/wp-content\/uploads\/2014\/06\/01-diptico-paisaje-thumb.jpg\" class=\"ls-tn\" alt=\"\" \/><p style=\"top:510px;left:886px;\" class=\"ls-l ls-text-layer\" data-ls=\"offsetxin:80;offsetxout:-80;durationout:400;parallaxlevel:0;\"><a class=\"btn-t\" href=\"#\" rel=\"tooltip\" title=\"D\u00cdPTICO PAISAJE | mixta sobre tela 1.40m x 1.50m\">+ informaci\u00f3n<\/a><\/p><\/div><div class=\"ls-slide\" data-ls=\"duration:4000;transition2d:5;\"><img width=\"1024\" height=\"560\" src=\"https:\/\/ameliaerrazuriz.cl\/portafolio\/wp-content\/uploads\/2016\/09\/02-huellas-1.png\" class=\"ls-bg\" alt=\"\" srcset=\"https:\/\/ameliaerrazuriz.cl\/portafolio\/wp-content\/uploads\/2016\/09\/02-huellas-1.png 1024w, https:\/\/ameliaerrazuriz.cl\/portafolio\/wp-content\/uploads\/2016\/09\/02-huellas-1-300x164.png 300w, https:\/\/ameliaerrazuriz.cl\/portafolio\/wp-content\/uploads\/2016\/09\/02-huellas-1-768x420.png 768w, https:\/\/ameliaerrazuriz.cl\/portafolio\/wp-content\/uploads\/2016\/09\/02-huellas-1-624x341.png 624w\" sizes=\"(max-width: 1024px) 100vw, 1024px\" \/><img width=\"100\" height=\"60\" src=\"https:\/\/ameliaerrazuriz.cl\/portafolio\/wp-content\/uploads\/2016\/08\/huellas-1-thumb.jpg\" class=\"ls-tn\" alt=\"\" \/><p style=\"top:510px;left:886px;\" class=\"ls-l ls-text-layer\" data-ls=\"offsetxin:80;offsetxout:-80;durationout:400;parallaxlevel:0;\"><a class=\"btn-t\" href=\"#\" rel=\"tooltip\" title=\"HUELLAS 1 | mixta sobre tela 1.27m x 1.90m\">+ informaci\u00f3n<\/a><\/p><\/div><div class=\"ls-slide\" data-ls=\"duration:4000;transition2d:5;\"><img width=\"1024\" height=\"560\" src=\"https:\/\/ameliaerrazuriz.cl\/portafolio\/wp-content\/uploads\/2016\/09\/03-huellas-2.png\" class=\"ls-bg\" alt=\"\" srcset=\"https:\/\/ameliaerrazuriz.cl\/portafolio\/wp-content\/uploads\/2016\/09\/03-huellas-2.png 1024w, https:\/\/ameliaerrazuriz.cl\/portafolio\/wp-content\/uploads\/2016\/09\/03-huellas-2-300x164.png 300w, https:\/\/ameliaerrazuriz.cl\/portafolio\/wp-content\/uploads\/2016\/09\/03-huellas-2-768x420.png 768w, https:\/\/ameliaerrazuriz.cl\/portafolio\/wp-content\/uploads\/2016\/09\/03-huellas-2-624x341.png 624w\" sizes=\"(max-width: 1024px) 100vw, 1024px\" \/><img width=\"100\" height=\"60\" src=\"https:\/\/ameliaerrazuriz.cl\/portafolio\/wp-content\/uploads\/2016\/08\/huellas-2-thumb.jpg\" class=\"ls-tn\" alt=\"\" \/><p style=\"top:510px;left:886px;\" class=\"ls-l ls-text-layer\" data-ls=\"offsetxin:80;offsetxout:-80;durationout:400;parallaxlevel:0;\"><a class=\"btn-t\" href=\"#\" rel=\"tooltip\" title=\"HUELLAS 2 | mixta sobre tela 0.70m x 1.50m\">+ informaci\u00f3n<\/a><\/p><\/div><div class=\"ls-slide\" data-ls=\"duration:4000;transition2d:5;\"><img width=\"1024\" height=\"560\" src=\"https:\/\/ameliaerrazuriz.cl\/portafolio\/wp-content\/uploads\/2016\/09\/04-dunas-ramas.png\" class=\"ls-bg\" alt=\"\" srcset=\"https:\/\/ameliaerrazuriz.cl\/portafolio\/wp-content\/uploads\/2016\/09\/04-dunas-ramas.png 1024w, https:\/\/ameliaerrazuriz.cl\/portafolio\/wp-content\/uploads\/2016\/09\/04-dunas-ramas-300x164.png 300w, https:\/\/ameliaerrazuriz.cl\/portafolio\/wp-content\/uploads\/2016\/09\/04-dunas-ramas-768x420.png 768w, https:\/\/ameliaerrazuriz.cl\/portafolio\/wp-content\/uploads\/2016\/09\/04-dunas-ramas-624x341.png 624w\" sizes=\"(max-width: 1024px) 100vw, 1024px\" \/><img width=\"100\" height=\"60\" src=\"https:\/\/ameliaerrazuriz.cl\/portafolio\/wp-content\/uploads\/2016\/08\/dunas-ramas-thumb.jpg\" class=\"ls-tn\" alt=\"\" \/><p style=\"top:510px;left:886px;\" class=\"ls-l ls-text-layer\" data-ls=\"offsetxin:80;offsetxout:-80;durationout:400;parallaxlevel:0;\"><a class=\"btn-t\" href=\"#\" rel=\"tooltip\" title=\"DUNAS Y RAMAS | mixta sobre tela 0.70m x 1.50m\">+ informaci\u00f3n<\/a><\/p><\/div><div class=\"ls-slide\" data-ls=\"duration:4000;transition2d:5;\"><img width=\"1024\" height=\"560\" src=\"https:\/\/ameliaerrazuriz.cl\/portafolio\/wp-content\/uploads\/2016\/09\/05-dunas-2.png\" class=\"ls-bg\" alt=\"\" srcset=\"https:\/\/ameliaerrazuriz.cl\/portafolio\/wp-content\/uploads\/2016\/09\/05-dunas-2.png 1024w, https:\/\/ameliaerrazuriz.cl\/portafolio\/wp-content\/uploads\/2016\/09\/05-dunas-2-300x164.png 300w, https:\/\/ameliaerrazuriz.cl\/portafolio\/wp-content\/uploads\/2016\/09\/05-dunas-2-768x420.png 768w, https:\/\/ameliaerrazuriz.cl\/portafolio\/wp-content\/uploads\/2016\/09\/05-dunas-2-624x341.png 624w\" sizes=\"(max-width: 1024px) 100vw, 1024px\" \/><img width=\"100\" height=\"60\" src=\"https:\/\/ameliaerrazuriz.cl\/portafolio\/wp-content\/uploads\/2016\/08\/dunas-2-thumb.jpg\" class=\"ls-tn\" alt=\"\" \/><p style=\"top:510px;left:886px;\" class=\"ls-l ls-text-layer\" data-ls=\"offsetxin:80;offsetxout:-80;durationout:400;parallaxlevel:0;\"><a class=\"btn-t\" href=\"#\" rel=\"tooltip\" title=\"DUNAS II | \u00f3leo sobre tela 0.70m x 1.70m\">+ informaci\u00f3n<\/a><\/p><\/div><div class=\"ls-slide\" data-ls=\"duration:4000;transition2d:5;\"><img width=\"1024\" height=\"560\" src=\"https:\/\/ameliaerrazuriz.cl\/portafolio\/wp-content\/uploads\/2016\/09\/06-paisaje-paja-1.png\" class=\"ls-bg\" alt=\"\" srcset=\"https:\/\/ameliaerrazuriz.cl\/portafolio\/wp-content\/uploads\/2016\/09\/06-paisaje-paja-1.png 1024w, https:\/\/ameliaerrazuriz.cl\/portafolio\/wp-content\/uploads\/2016\/09\/06-paisaje-paja-1-300x164.png 300w, https:\/\/ameliaerrazuriz.cl\/portafolio\/wp-content\/uploads\/2016\/09\/06-paisaje-paja-1-768x420.png 768w, https:\/\/ameliaerrazuriz.cl\/portafolio\/wp-content\/uploads\/2016\/09\/06-paisaje-paja-1-624x341.png 624w\" sizes=\"(max-width: 1024px) 100vw, 1024px\" \/><img width=\"100\" height=\"60\" src=\"https:\/\/ameliaerrazuriz.cl\/portafolio\/wp-content\/uploads\/2016\/08\/paisaje-paja-1-thumb.jpg\" class=\"ls-tn\" alt=\"\" \/><p style=\"top:510px;left:886px;\" class=\"ls-l ls-text-layer\" data-ls=\"offsetxin:80;offsetxout:-80;durationout:400;parallaxlevel:0;\"><a class=\"btn-t\" href=\"#\" rel=\"tooltip\" title=\"PAISAJE PAJAS 1 | mixta sobre tela 1.27m x 2.42m\">+ informaci\u00f3n<\/a><\/p><\/div><div class=\"ls-slide\" data-ls=\"duration:4000;transition2d:5;\"><img width=\"1024\" height=\"560\" src=\"https:\/\/ameliaerrazuriz.cl\/portafolio\/wp-content\/uploads\/2016\/09\/07-paisaje-rastrojo.png\" class=\"ls-bg\" alt=\"\" srcset=\"https:\/\/ameliaerrazuriz.cl\/portafolio\/wp-content\/uploads\/2016\/09\/07-paisaje-rastrojo.png 1024w, https:\/\/ameliaerrazuriz.cl\/portafolio\/wp-content\/uploads\/2016\/09\/07-paisaje-rastrojo-300x164.png 300w, https:\/\/ameliaerrazuriz.cl\/portafolio\/wp-content\/uploads\/2016\/09\/07-paisaje-rastrojo-768x420.png 768w, https:\/\/ameliaerrazuriz.cl\/portafolio\/wp-content\/uploads\/2016\/09\/07-paisaje-rastrojo-624x341.png 624w\" sizes=\"(max-width: 1024px) 100vw, 1024px\" \/><img width=\"100\" height=\"60\" src=\"https:\/\/ameliaerrazuriz.cl\/portafolio\/wp-content\/uploads\/2016\/08\/paisaje-rastrojo-thumb.jpg\" class=\"ls-tn\" alt=\"\" \/><p style=\"top:510px;left:886px;\" class=\"ls-l ls-text-layer\" data-ls=\"offsetxin:80;offsetxout:-80;durationout:400;parallaxlevel:0;\"><a class=\"btn-t\" href=\"#\" rel=\"tooltip\" title=\"PAISAJE RASTROJO | mixta sobre tela 0.70m x 1.40m\">+ informaci\u00f3n<\/a><\/p><\/div><div class=\"ls-slide\" data-ls=\"duration:4000;transition2d:5;\"><img width=\"1024\" height=\"560\" src=\"https:\/\/ameliaerrazuriz.cl\/portafolio\/wp-content\/uploads\/2016\/09\/08-pantano.png\" class=\"ls-bg\" alt=\"\" srcset=\"https:\/\/ameliaerrazuriz.cl\/portafolio\/wp-content\/uploads\/2016\/09\/08-pantano.png 1024w, https:\/\/ameliaerrazuriz.cl\/portafolio\/wp-content\/uploads\/2016\/09\/08-pantano-300x164.png 300w, https:\/\/ameliaerrazuriz.cl\/portafolio\/wp-content\/uploads\/2016\/09\/08-pantano-768x420.png 768w, https:\/\/ameliaerrazuriz.cl\/portafolio\/wp-content\/uploads\/2016\/09\/08-pantano-624x341.png 624w\" sizes=\"(max-width: 1024px) 100vw, 1024px\" \/><img width=\"100\" height=\"60\" src=\"https:\/\/ameliaerrazuriz.cl\/portafolio\/wp-content\/uploads\/2016\/08\/pantano-thumb.jpg\" class=\"ls-tn\" alt=\"\" \/><p style=\"top:510px;left:886px;\" class=\"ls-l ls-text-layer\" data-ls=\"offsetxin:80;offsetxout:-80;durationout:400;parallaxlevel:0;\"><a class=\"btn-t\" href=\"#\" rel=\"tooltip\" title=\"PANTANO | mixta sobre tela 0.55m x 0.46m\">+ informaci\u00f3n<\/a><\/p><\/div><div class=\"ls-slide\" data-ls=\"duration:4000;transition2d:5;\"><img width=\"1024\" height=\"560\" src=\"https:\/\/ameliaerrazuriz.cl\/portafolio\/wp-content\/uploads\/2016\/09\/09-atardecer.png\" class=\"ls-bg\" alt=\"\" srcset=\"https:\/\/ameliaerrazuriz.cl\/portafolio\/wp-content\/uploads\/2016\/09\/09-atardecer.png 1024w, https:\/\/ameliaerrazuriz.cl\/portafolio\/wp-content\/uploads\/2016\/09\/09-atardecer-300x164.png 300w, https:\/\/ameliaerrazuriz.cl\/portafolio\/wp-content\/uploads\/2016\/09\/09-atardecer-768x420.png 768w, https:\/\/ameliaerrazuriz.cl\/portafolio\/wp-content\/uploads\/2016\/09\/09-atardecer-624x341.png 624w\" sizes=\"(max-width: 1024px) 100vw, 1024px\" \/><img width=\"100\" height=\"60\" src=\"https:\/\/ameliaerrazuriz.cl\/portafolio\/wp-content\/uploads\/2016\/08\/atardecer-thumb.jpg\" class=\"ls-tn\" alt=\"\" \/><p style=\"width:;height:;padding-top:;padding-right:;padding-bottom:;padding-left:;border-top:;border-right:;border-bottom:;border-left:;font-family:;font-size:;line-height:;color:;background:;border-radius:;top:510px;left:886px;\" class=\"ls-l ls-text-layer\" data-ls=\"offsetxin:80;offsetxout:-80;durationout:400;parallaxlevel:0;\"><a class=\"btn-t\" href=\"#\" rel=\"tooltip\" title=\"ATARDECER | mixta sobre tela 1.20m x 1.80m\">+ informaci\u00f3n<\/a><\/p><\/div><div class=\"ls-slide\" data-ls=\"duration:4000;transition2d:5;\"><img width=\"1024\" height=\"560\" src=\"https:\/\/ameliaerrazuriz.cl\/portafolio\/wp-content\/uploads\/2016\/09\/10-oleo-verde-limon.png\" class=\"ls-bg\" alt=\"\" srcset=\"https:\/\/ameliaerrazuriz.cl\/portafolio\/wp-content\/uploads\/2016\/09\/10-oleo-verde-limon.png 1024w, https:\/\/ameliaerrazuriz.cl\/portafolio\/wp-content\/uploads\/2016\/09\/10-oleo-verde-limon-300x164.png 300w, https:\/\/ameliaerrazuriz.cl\/portafolio\/wp-content\/uploads\/2016\/09\/10-oleo-verde-limon-768x420.png 768w, https:\/\/ameliaerrazuriz.cl\/portafolio\/wp-content\/uploads\/2016\/09\/10-oleo-verde-limon-624x341.png 624w\" sizes=\"(max-width: 1024px) 100vw, 1024px\" \/><img width=\"100\" height=\"60\" src=\"https:\/\/ameliaerrazuriz.cl\/portafolio\/wp-content\/uploads\/2016\/08\/oleo-verde-limon-thumb.jpg\" class=\"ls-tn\" alt=\"\" \/><p style=\"width:;height:;padding-top:;padding-right:;padding-bottom:;padding-left:;border-top:;border-right:;border-bottom:;border-left:;font-family:;font-size:;line-height:;color:;background:;border-radius:;top:510px;left:886px;\" class=\"ls-l ls-text-layer\" data-ls=\"offsetxin:80;offsetxout:-80;durationout:400;parallaxlevel:0;\"><a class=\"btn-t\" href=\"#\" rel=\"tooltip\" title=\"OLEO VERDE LIM\u00d3N | \u00f3leo sobre tela y ramas en caja de acr\u00edlico 0.50m x 0.50m\">+ informaci\u00f3n<\/a><\/p><\/div><div class=\"ls-slide\" data-ls=\"duration:4000;transition2d:5;\"><img width=\"1024\" height=\"560\" src=\"https:\/\/ameliaerrazuriz.cl\/portafolio\/wp-content\/uploads\/2016\/09\/11-paisaje-azul.png\" class=\"ls-bg\" alt=\"\" srcset=\"https:\/\/ameliaerrazuriz.cl\/portafolio\/wp-content\/uploads\/2016\/09\/11-paisaje-azul.png 1024w, https:\/\/ameliaerrazuriz.cl\/portafolio\/wp-content\/uploads\/2016\/09\/11-paisaje-azul-300x164.png 300w, https:\/\/ameliaerrazuriz.cl\/portafolio\/wp-content\/uploads\/2016\/09\/11-paisaje-azul-768x420.png 768w, https:\/\/ameliaerrazuriz.cl\/portafolio\/wp-content\/uploads\/2016\/09\/11-paisaje-azul-624x341.png 624w\" sizes=\"(max-width: 1024px) 100vw, 1024px\" \/><img width=\"100\" height=\"60\" src=\"https:\/\/ameliaerrazuriz.cl\/portafolio\/wp-content\/uploads\/2016\/08\/paisaje-azul-thumb.jpg\" class=\"ls-tn\" alt=\"\" \/><p style=\"width:;height:;padding-top:;padding-right:;padding-bottom:;padding-left:;border-top:;border-right:;border-bottom:;border-left:;font-family:;font-size:;line-height:;color:;background:;border-radius:;top:510px;left:886px;\" class=\"ls-l ls-text-layer\" data-ls=\"offsetxin:80;offsetxout:-80;durationout:400;parallaxlevel:0;\"><a class=\"btn-t\" href=\"#\" rel=\"tooltip\" title=\"PAISAJE AZUL | \u00f3leo sobre tela y ramas en caja acr\u00edlica 0.50m x 0.50m\">+ informaci\u00f3n<\/a><\/p><\/div><div class=\"ls-slide\" data-ls=\"duration:4000;transition2d:5;\"><img width=\"1024\" height=\"560\" src=\"https:\/\/ameliaerrazuriz.cl\/portafolio\/wp-content\/uploads\/2016\/09\/12-paisaje-rojo.png\" class=\"ls-bg\" alt=\"\" srcset=\"https:\/\/ameliaerrazuriz.cl\/portafolio\/wp-content\/uploads\/2016\/09\/12-paisaje-rojo.png 1024w, https:\/\/ameliaerrazuriz.cl\/portafolio\/wp-content\/uploads\/2016\/09\/12-paisaje-rojo-300x164.png 300w, https:\/\/ameliaerrazuriz.cl\/portafolio\/wp-content\/uploads\/2016\/09\/12-paisaje-rojo-768x420.png 768w, https:\/\/ameliaerrazuriz.cl\/portafolio\/wp-content\/uploads\/2016\/09\/12-paisaje-rojo-624x341.png 624w\" sizes=\"(max-width: 1024px) 100vw, 1024px\" \/><img width=\"100\" height=\"60\" src=\"https:\/\/ameliaerrazuriz.cl\/portafolio\/wp-content\/uploads\/2016\/08\/paisaje-rojo-thumb.jpg\" class=\"ls-tn\" alt=\"\" \/><p style=\"width:;height:;padding-top:;padding-right:;padding-bottom:;padding-left:;border-top:;border-right:;border-bottom:;border-left:;font-family:;font-size:;line-height:;color:;background:;border-radius:;top:510px;left:886px;\" class=\"ls-l ls-text-layer\" data-ls=\"offsetxin:80;offsetxout:-80;durationout:400;parallaxlevel:0;\"><a class=\"btn-t\" href=\"#\" rel=\"tooltip\" title=\"PAISAJE ROJO | \u00f3leo sobre tela y ramas en caja acr\u00edlica 0.50x0.50m\">+ informaci\u00f3n<\/a><\/p><\/div><div class=\"ls-slide\" data-ls=\"duration:4000;transition2d:5;\"><img width=\"1024\" height=\"560\" src=\"https:\/\/ameliaerrazuriz.cl\/portafolio\/wp-content\/uploads\/2016\/09\/13-paisaje-verde.png\" class=\"ls-bg\" alt=\"\" srcset=\"https:\/\/ameliaerrazuriz.cl\/portafolio\/wp-content\/uploads\/2016\/09\/13-paisaje-verde.png 1024w, https:\/\/ameliaerrazuriz.cl\/portafolio\/wp-content\/uploads\/2016\/09\/13-paisaje-verde-300x164.png 300w, https:\/\/ameliaerrazuriz.cl\/portafolio\/wp-content\/uploads\/2016\/09\/13-paisaje-verde-768x420.png 768w, https:\/\/ameliaerrazuriz.cl\/portafolio\/wp-content\/uploads\/2016\/09\/13-paisaje-verde-624x341.png 624w\" sizes=\"(max-width: 1024px) 100vw, 1024px\" \/><img width=\"100\" height=\"60\" src=\"https:\/\/ameliaerrazuriz.cl\/portafolio\/wp-content\/uploads\/2016\/08\/paisaje-verde-thumb.jpg\" class=\"ls-tn\" alt=\"\" \/><p style=\"width:;height:;padding-top:;padding-right:;padding-bottom:;padding-left:;border-top:;border-right:;border-bottom:;border-left:;font-family:;font-size:;line-height:;color:;background:;border-radius:;top:510px;left:886px;\" class=\"ls-l ls-text-layer\" data-ls=\"offsetxin:80;offsetxout:-80;durationout:400;parallaxlevel:0;\"><a class=\"btn-t\" href=\"#\" rel=\"tooltip\" title=\"PAISAJE VERDE | \u00f3leo sobre tela y ramas en caja de acr\u00edlico 0.50m x 0.50m\">+ informaci\u00f3n<\/a><\/p><\/div><div class=\"ls-slide\" data-ls=\"duration:4000;transition2d:5;\"><img width=\"1024\" height=\"560\" src=\"https:\/\/ameliaerrazuriz.cl\/portafolio\/wp-content\/uploads\/2016\/09\/14-paisaje-con-palos.png\" class=\"ls-bg\" alt=\"\" srcset=\"https:\/\/ameliaerrazuriz.cl\/portafolio\/wp-content\/uploads\/2016\/09\/14-paisaje-con-palos.png 1024w, https:\/\/ameliaerrazuriz.cl\/portafolio\/wp-content\/uploads\/2016\/09\/14-paisaje-con-palos-300x164.png 300w, https:\/\/ameliaerrazuriz.cl\/portafolio\/wp-content\/uploads\/2016\/09\/14-paisaje-con-palos-768x420.png 768w, https:\/\/ameliaerrazuriz.cl\/portafolio\/wp-content\/uploads\/2016\/09\/14-paisaje-con-palos-624x341.png 624w\" sizes=\"(max-width: 1024px) 100vw, 1024px\" \/><img width=\"100\" height=\"60\" src=\"https:\/\/ameliaerrazuriz.cl\/portafolio\/wp-content\/uploads\/2016\/08\/paisaje-con-palos-thumb.jpg\" class=\"ls-tn\" alt=\"\" \/><p style=\"width:;height:;padding-top:;padding-right:;padding-bottom:;padding-left:;border-top:;border-right:;border-bottom:;border-left:;font-family:;font-size:;line-height:;color:;background:;border-radius:;top:510px;left:886px;\" class=\"ls-l ls-text-layer\" data-ls=\"offsetxin:80;offsetxout:-80;durationout:400;parallaxlevel:0;\"><a class=\"btn-t\" href=\"#\" rel=\"tooltip\" title=\"PAISAJE CON PALOS | mixta sobre tela 0.80m x 1.30m\">+ informaci\u00f3n<\/a><\/p><\/div><\/div><\/div>\n","protected":false},"excerpt":{"rendered":"","protected":false},"author":1,"featured_media":0,"parent":0,"menu_order":0,"comment_status":"closed","ping_status":"closed","template":"page-templates\/full-width.php","meta":[],"_links":{"self":[{"href":"https:\/\/ameliaerrazuriz.cl\/portafolio\/wp-json\/wp\/v2\/pages\/7"}],"collection":[{"href":"https:\/\/ameliaerrazuriz.cl\/portafolio\/wp-json\/wp\/v2\/pages"}],"about":[{"href":"https:\/\/ameliaerrazuriz.cl\/portafolio\/wp-json\/wp\/v2\/types\/page"}],"author":[{"embeddable":true,"href":"https:\/\/ameliaerrazuriz.cl\/portafolio\/wp-json\/wp\/v2\/users\/1"}],"replies":[{"embeddable":true,"href":"https:\/\/ameliaerrazuriz.cl\/portafolio\/wp-json\/wp\/v2\/comments?post=7"}],"version-history":[{"count":2,"href":"https:\/\/ameliaerrazuriz.cl\/portafolio\/wp-json\/wp\/v2\/pages\/7\/revisions"}],"predecessor-version":[{"id":78,"href":"https:\/\/ameliaerrazuriz.cl\/portafolio\/wp-json\/wp\/v2\/pages\/7\/revisions\/78"}],"wp:attachment":[{"href":"https:\/\/ameliaerrazuriz.cl\/portafolio\/wp-json\/wp\/v2\/media?parent=7"}],"curies":[{"name":"wp","href":"https:\/\/api.w.org\/{rel}","templated":true}]}}